{"id":19,"date":"2017-07-22T03:38:51","date_gmt":"2017-07-22T03:38:51","guid":{"rendered":"http:\/\/www.konkursbiotechnologiczny.ch.pw.edu.pl\/?page_id=19"},"modified":"2025-10-24T17:20:30","modified_gmt":"2025-10-24T17:20:30","slug":"zgloszenie-uczestnictwa","status":"publish","type":"page","link":"https:\/\/www.konkursbiotechnologiczny.ch.pw.edu.pl\/index.php\/zgloszenie-uczestnictwa\/","title":{"rendered":"Zg\u0142oszenie uczestnictwa"},"content":{"rendered":"\n<p>Wype\u0142nienie Karty Zg\u0142oszeniowej jest niezb\u0119dnym elementem wzi\u0119cia udzia\u0142u w Konkursie Biotechnologicznym organizowanym przez Wydzia\u0142 Chemiczny Politechniki Warszawskiej. Poni\u017cszy link przekierowuje do formularza b\u0119d\u0105cego wirtualn\u0105 Kart\u0105 Zg\u0142oszeniow\u0105.<\/p>\n\n\n\n<p><span style=\"color: #0000ff;\"><a href=\"https:\/\/forms.office.com\/e\/qJ9v8KFqZ0\" data-type=\"link\" data-id=\"https:\/\/forms.office.com\/e\/qJ9v8KFqZ0\">Formularz zg\u0142oszenia<\/a><\/span><\/p>\n\n\n\n<p><\/p>\n","protected":false},"excerpt":{"rendered":"<p>Wype\u0142nienie Karty Zg\u0142oszeniowej jest niezb\u0119dnym elementem wzi\u0119cia udzia\u0142u w Konkursie Biotechnologicznym organizowanym przez Wydzia\u0142 Chemiczny Politechniki Warszawskiej. Poni\u017cszy link przekierowuje do formularza b\u0119d\u0105cego wirtualn\u0105 Kart\u0105 Zg\u0142oszeniow\u0105. Formularz zg\u0142oszenia<\/p>\n","protected":false},"author":1,"featured_media":0,"parent":0,"menu_order":0,"comment_status":"closed","ping_status":"closed","template":"","meta":{"two_page_speed":[],"footnotes":""},"class_list":["post-19","page","type-page","status-publish","hentry"],"_links":{"self":[{"href":"https:\/\/www.konkursbiotechnologiczny.ch.pw.edu.pl\/index.php\/wp-json\/wp\/v2\/pages\/19","targetHints":{"allow":["GET"]}}],"collection":[{"href":"https:\/\/www.konkursbiotechnologiczny.ch.pw.edu.pl\/index.php\/wp-json\/wp\/v2\/pages"}],"about":[{"href":"https:\/\/www.konkursbiotechnologiczny.ch.pw.edu.pl\/index.php\/wp-json\/wp\/v2\/types\/page"}],"author":[{"embeddable":true,"href":"https:\/\/www.konkursbiotechnologiczny.ch.pw.edu.pl\/index.php\/wp-json\/wp\/v2\/users\/1"}],"replies":[{"embeddable":true,"href":"https:\/\/www.konkursbiotechnologiczny.ch.pw.edu.pl\/index.php\/wp-json\/wp\/v2\/comments?post=19"}],"version-history":[{"count":17,"href":"https:\/\/www.konkursbiotechnologiczny.ch.pw.edu.pl\/index.php\/wp-json\/wp\/v2\/pages\/19\/revisions"}],"predecessor-version":[{"id":1492,"href":"https:\/\/www.konkursbiotechnologiczny.ch.pw.edu.pl\/index.php\/wp-json\/wp\/v2\/pages\/19\/revisions\/1492"}],"wp:attachment":[{"href":"https:\/\/www.konkursbiotechnologiczny.ch.pw.edu.pl\/index.php\/wp-json\/wp\/v2\/media?parent=19"}],"curies":[{"name":"wp","href":"https:\/\/api.w.org\/{rel}","templated":true}]}}